{"id":35,"date":"2021-05-25T09:46:42","date_gmt":"2021-05-25T09:46:42","guid":{"rendered":"http:\/\/www.literaturasustentable.com\/?page_id=35"},"modified":"2025-02-22T20:31:45","modified_gmt":"2025-02-22T20:31:45","slug":"la-autora","status":"publish","type":"page","link":"https:\/\/www.literaturasustentable.com\/index.php\/la-autora\/","title":{"rendered":"La autora"},"content":{"rendered":"\n<div class=\"wp-block-media-text alignwide is-stacked-on-mobile is-vertically-aligned-top\" style=\"grid-template-columns:34% auto\"><figure class=\"wp-block-media-text__media\"><img loading=\"lazy\" decoding=\"async\" width=\"550\" height=\"413\" src=\"https:\/\/www.literaturasustentable.com\/wp-content\/uploads\/2021\/06\/87554560.jpg\" alt=\"\" class=\"wp-image-233 size-full\" srcset=\"https:\/\/www.literaturasustentable.com\/wp-content\/uploads\/2021\/06\/87554560.jpg 550w, https:\/\/www.literaturasustentable.com\/wp-content\/uploads\/2021\/06\/87554560-300x225.jpg 300w\" sizes=\"auto, (max-width: 550px) 100vw, 550px\" \/><\/figure><div class=\"wp-block-media-text__content\">\n<p>Mariana Di Acqua es una escritora argentina.<\/p>\n\n\n\n<p>Como Bibliotecaria, se desempe\u00f1a en escuelas de la Ciudad Aut\u00f3noma de Buenos Aires.<\/p>\n\n\n\n<p>Al momento, lleva publicadas cinco novelas: <em>el Poeta, el Diablo y Margarita<\/em> (2016)<em>, La Redenci\u00f3n del Guerrero de Fuego<\/em> (2012), <em>Los Esp\u00edritus del Aire<\/em> (2013), <em>La Leyenda de las Selkies del Agua<\/em> (2015) y <em>Las Ra\u00edces de la Tierra<\/em> (2018).<\/p>\n\n\n\n<p>Particip\u00f3 en las \u00faltimas ediciones de la Feria del Libro Internacional de Buenos Aires. Fue invitada a dar charlas en diversas ediciones de Comic Con Argentina, en Ferias del Libro regionales como la de Mar del Plata, Necochea y otras. Tambi\u00e9n particip\u00f3 en el Encuentro de la Palabra de Tecn\u00f3polis y en el II Encuentro Internacional de Literatura Fant\u00e1stica de la Biblioteca Nacional Mariano Moreno.<\/p>\n\n\n\n<p>Sus libros fueron le\u00eddos en diferentes colegios durante las Maratones de Lectura Nacionales, en los que la Literatura permiti\u00f3 el trabajo interdisciplinario con los docentes de Ciencias Naturales y afines, para abordar las diversas problem\u00e1ticas ambientales.<\/p>\n<\/div><\/div>\n\n\n\n<p><\/p>\n\n\n\n<p><\/p>\n","protected":false},"excerpt":{"rendered":"<p>Mariana Di Acqua es una escritora argentina. Como Bibliotecaria, se desempe\u00f1a en escuelas de la Ciudad Aut\u00f3noma de Buenos Aires. Al momento, lleva publicadas cinco novelas: el Poeta, el Diablo y Margarita (2016), La Redenci\u00f3n del Guerrero de Fuego (2012), Los Esp\u00edritus del Aire (2013), La Leyenda de las Selkies del Agua (2015) y Las Ra\u00edces de la Tierra (2018). [&hellip;]<\/p>\n","protected":false},"author":1,"featured_media":0,"parent":0,"menu_order":0,"comment_status":"closed","ping_status":"closed","template":"","meta":{"footnotes":""},"class_list":["post-35","page","type-page","status-publish","hentry"],"_links":{"self":[{"href":"https:\/\/www.literaturasustentable.com\/index.php\/wp-json\/wp\/v2\/pages\/35","targetHints":{"allow":["GET"]}}],"collection":[{"href":"https:\/\/www.literaturasustentable.com\/index.php\/wp-json\/wp\/v2\/pages"}],"about":[{"href":"https:\/\/www.literaturasustentable.com\/index.php\/wp-json\/wp\/v2\/types\/page"}],"author":[{"embeddable":true,"href":"https:\/\/www.literaturasustentable.com\/index.php\/wp-json\/wp\/v2\/users\/1"}],"replies":[{"embeddable":true,"href":"https:\/\/www.literaturasustentable.com\/index.php\/wp-json\/wp\/v2\/comments?post=35"}],"version-history":[{"count":4,"href":"https:\/\/www.literaturasustentable.com\/index.php\/wp-json\/wp\/v2\/pages\/35\/revisions"}],"predecessor-version":[{"id":429,"href":"https:\/\/www.literaturasustentable.com\/index.php\/wp-json\/wp\/v2\/pages\/35\/revisions\/429"}],"wp:attachment":[{"href":"https:\/\/www.literaturasustentable.com\/index.php\/wp-json\/wp\/v2\/media?parent=35"}],"curies":[{"name":"wp","href":"https:\/\/api.w.org\/{rel}","templated":true}]}}