{"id":34,"date":"2021-05-25T09:46:42","date_gmt":"2021-05-25T09:46:42","guid":{"rendered":"http:\/\/www.literaturasustentable.com\/?page_id=34"},"modified":"2021-06-19T02:35:58","modified_gmt":"2021-06-19T02:35:58","slug":"fundamentos","status":"publish","type":"page","link":"https:\/\/www.literaturasustentable.com\/index.php\/fundamentos\/","title":{"rendered":"Fundamento"},"content":{"rendered":"\n<p>Vivimos en un mundo que da la espalda a la gravedad de los problemas ambientales. En el que se tiene la esperanza de que la tecnolog\u00eda lograr\u00e1 revertir o atenuar los da\u00f1os producidos por el ser humano. Algo que, hasta ahora, no est\u00e1 sucediendo con la velocidad y magnitud suficiente.<\/p>\n\n\n\n<p>Mucho se dijo sobre la capacidad transformadora que tiene el Arte sobre la sociedad. As\u00ed fue como surgi\u00f3 lo <em>sustentable<\/em> dentro de la Literatura: buscando reflejar las problem\u00e1ticas que nos atraviesan, incluso dentro de las tem\u00e1ticas de la E.S.I.<\/p>\n\n\n\n<p>La parte visible del proyecto son los libros, pero quienes lo conformamos somos muchos. Ambientalistas de las m\u00e1s diversas profesiones, que proponemos un cambio a la visi\u00f3n antropoc\u00e9ntrica de la Naturaleza y sus recursos.<\/p>\n\n\n\n<p>Porque tambi\u00e9n buscamos igualar oportunidades, es que decidimos darle un formato integrador a trav\u00e9s del cual los libros se pueden comprar o solicitar el acceso sin cargo, destinado a las comunidades escolares p\u00fablicas.<\/p>\n\n\n\n<p>Garantizando su acceso, democratizamos la cultura.<\/p>\n","protected":false},"excerpt":{"rendered":"<p>Vivimos en un mundo que da la espalda a la gravedad de los problemas ambientales. En el que se tiene la esperanza de que la tecnolog\u00eda lograr\u00e1 revertir o atenuar los da\u00f1os producidos por el ser humano. Algo que, hasta ahora, no est\u00e1 sucediendo con la velocidad y magnitud suficiente. Mucho se dijo sobre la capacidad transformadora que tiene el [&hellip;]<\/p>\n","protected":false},"author":1,"featured_media":0,"parent":0,"menu_order":0,"comment_status":"closed","ping_status":"closed","template":"","meta":{"footnotes":""},"class_list":["post-34","page","type-page","status-publish","hentry"],"_links":{"self":[{"href":"https:\/\/www.literaturasustentable.com\/index.php\/wp-json\/wp\/v2\/pages\/34","targetHints":{"allow":["GET"]}}],"collection":[{"href":"https:\/\/www.literaturasustentable.com\/index.php\/wp-json\/wp\/v2\/pages"}],"about":[{"href":"https:\/\/www.literaturasustentable.com\/index.php\/wp-json\/wp\/v2\/types\/page"}],"author":[{"embeddable":true,"href":"https:\/\/www.literaturasustentable.com\/index.php\/wp-json\/wp\/v2\/users\/1"}],"replies":[{"embeddable":true,"href":"https:\/\/www.literaturasustentable.com\/index.php\/wp-json\/wp\/v2\/comments?post=34"}],"version-history":[{"count":5,"href":"https:\/\/www.literaturasustentable.com\/index.php\/wp-json\/wp\/v2\/pages\/34\/revisions"}],"predecessor-version":[{"id":236,"href":"https:\/\/www.literaturasustentable.com\/index.php\/wp-json\/wp\/v2\/pages\/34\/revisions\/236"}],"wp:attachment":[{"href":"https:\/\/www.literaturasustentable.com\/index.php\/wp-json\/wp\/v2\/media?parent=34"}],"curies":[{"name":"wp","href":"https:\/\/api.w.org\/{rel}","templated":true}]}}