{"id":338,"date":"2021-06-30T00:21:07","date_gmt":"2021-06-30T00:21:07","guid":{"rendered":"https:\/\/www.literaturasustentable.com\/?page_id=338"},"modified":"2021-06-30T18:06:11","modified_gmt":"2021-06-30T18:06:11","slug":"las-raices-de-la-tierra","status":"publish","type":"page","link":"https:\/\/www.literaturasustentable.com\/index.php\/las-raices-de-la-tierra\/","title":{"rendered":"Las ra\u00edces de la Tierra"},"content":{"rendered":"\n<div class=\"wp-block-media-text alignwide has-media-on-the-right is-stacked-on-mobile\" style=\"grid-template-columns:auto 51%\"><figure class=\"wp-block-media-text__media\"><img loading=\"lazy\" decoding=\"async\" width=\"1024\" height=\"694\" src=\"https:\/\/www.literaturasustentable.com\/wp-content\/uploads\/2021\/06\/1622508447-1024x694.jpg\" alt=\"\" class=\"wp-image-361 size-full\" srcset=\"https:\/\/www.literaturasustentable.com\/wp-content\/uploads\/2021\/06\/1622508447-1024x694.jpg 1024w, https:\/\/www.literaturasustentable.com\/wp-content\/uploads\/2021\/06\/1622508447-300x203.jpg 300w, https:\/\/www.literaturasustentable.com\/wp-content\/uploads\/2021\/06\/1622508447-768x521.jpg 768w, https:\/\/www.literaturasustentable.com\/wp-content\/uploads\/2021\/06\/1622508447-1536x1041.jpg 1536w, https:\/\/www.literaturasustentable.com\/wp-content\/uploads\/2021\/06\/1622508447-2048x1388.jpg 2048w\" sizes=\"auto, (max-width: 1024px) 100vw, 1024px\" \/><\/figure><div class=\"wp-block-media-text__content\">\n<p>En un intento desmesurado por evitar el colapso de su mundo, un grupo de cient\u00edficos siembran vida en un planeta lejano. Al otro lado del tiempo, Jeshatl intenta convencer a su sociedad de que la \u00fanica manera de salvar Ryghl es renunciando a la inmortalidad.<\/p>\n\n\n\n<p><a href=\"https:\/\/mpago.la\/2j61zqe\" data-type=\"URL\" data-id=\"https:\/\/mpago.la\/2j61zqe\" target=\"_blank\" rel=\"noreferrer noopener\">Comprar el ebook <\/a><\/p>\n\n\n\n<p><a rel=\"noreferrer noopener\" href=\"..\/index.php\/solicitud-de-descarga\/\" data-type=\"URL\" data-id=\"..\/index.php\/solicitud-de-descarga\/\" target=\"_blank\">Solicitar descarga (escuelas p\u00fablicas<\/a>)<\/p>\n\n\n\n<p><\/p>\n\n\n\n<p class=\"has-normal-font-size\"><\/p>\n<\/div><\/div>\n","protected":false},"excerpt":{"rendered":"<p>En un intento desmesurado por evitar el colapso de su mundo, un grupo de cient\u00edficos siembran vida en un planeta lejano. Al otro lado del tiempo, Jeshatl intenta convencer a su sociedad de que la \u00fanica manera de salvar Ryghl es renunciando a la inmortalidad. Comprar el ebook Solicitar descarga (escuelas p\u00fablicas)<\/p>\n","protected":false},"author":1,"featured_media":0,"parent":0,"menu_order":0,"comment_status":"closed","ping_status":"closed","template":"","meta":{"footnotes":""},"class_list":["post-338","page","type-page","status-publish","hentry"],"_links":{"self":[{"href":"https:\/\/www.literaturasustentable.com\/index.php\/wp-json\/wp\/v2\/pages\/338","targetHints":{"allow":["GET"]}}],"collection":[{"href":"https:\/\/www.literaturasustentable.com\/index.php\/wp-json\/wp\/v2\/pages"}],"about":[{"href":"https:\/\/www.literaturasustentable.com\/index.php\/wp-json\/wp\/v2\/types\/page"}],"author":[{"embeddable":true,"href":"https:\/\/www.literaturasustentable.com\/index.php\/wp-json\/wp\/v2\/users\/1"}],"replies":[{"embeddable":true,"href":"https:\/\/www.literaturasustentable.com\/index.php\/wp-json\/wp\/v2\/comments?post=338"}],"version-history":[{"count":4,"href":"https:\/\/www.literaturasustentable.com\/index.php\/wp-json\/wp\/v2\/pages\/338\/revisions"}],"predecessor-version":[{"id":384,"href":"https:\/\/www.literaturasustentable.com\/index.php\/wp-json\/wp\/v2\/pages\/338\/revisions\/384"}],"wp:attachment":[{"href":"https:\/\/www.literaturasustentable.com\/index.php\/wp-json\/wp\/v2\/media?parent=338"}],"curies":[{"name":"wp","href":"https:\/\/api.w.org\/{rel}","templated":true}]}}